{"id":161,"date":"2024-01-08T16:26:14","date_gmt":"2024-01-08T15:26:14","guid":{"rendered":"https:\/\/frkawai.fr\/?page_id=161"},"modified":"2025-05-07T14:37:40","modified_gmt":"2025-05-07T12:37:40","slug":"mst-et-grrr-magazine","status":"publish","type":"page","link":"https:\/\/frkawai.fr\/index.php\/mst-et-grrr-magazine\/","title":{"rendered":"MST et Grrr magazine"},"content":{"rendered":"<p>[et_pb_section fb_built=\u00a0\u00bb1&Prime; admin_label=\u00a0\u00bbHeader\u00a0\u00bb _builder_version=\u00a0\u00bb4.23.4&Prime; _module_preset=\u00a0\u00bbdefault\u00a0\u00bb background_color=\u00a0\u00bb#000000&Prime; use_background_color_gradient=\u00a0\u00bbon\u00a0\u00bb background_color_gradient_stops=\u00a0\u00bbrgba(0,0,0,0) 80%|#000000 100%\u00a0\u00bb background_color_gradient_overlays_image=\u00a0\u00bbon\u00a0\u00bb background_image=\u00a0\u00bbhttps:\/\/frkawai.fr\/wp-content\/uploads\/2024\/01\/streamer-85-scaled-1.jpg\u00a0\u00bb background_size=\u00a0\u00bbcontain\u00a0\u00bb overflow-x=\u00a0\u00bbhidden\u00a0\u00bb overflow-y=\u00a0\u00bbhidden\u00a0\u00bb collapsed=\u00a0\u00bbon\u00a0\u00bb global_colors_info=\u00a0\u00bb{}\u00a0\u00bb][et_pb_row column_structure=\u00a0\u00bb2_3,1_3&Prime; make_equal=\u00a0\u00bbon\u00a0\u00bb _builder_version=\u00a0\u00bb4.23.4&Prime; _module_preset=\u00a0\u00bbdefault\u00a0\u00bb global_colors_info=\u00a0\u00bb{}\u00a0\u00bb][et_pb_column type=\u00a0\u00bb2_3&Prime; _builder_version=\u00a0\u00bb4.17.4&Prime; _module_preset=\u00a0\u00bbdefault\u00a0\u00bb z_index=\u00a0\u00bb12&Prime; custom_padding=\u00a0\u00bb10%||||false|false\u00a0\u00bb custom_padding_tablet=\u00a0\u00bb0%||||false|false\u00a0\u00bb custom_padding_phone=\u00a0\u00bb0%||||false|false\u00a0\u00bb custom_padding_last_edited=\u00a0\u00bbon|tablet\u00a0\u00bb global_colors_info=\u00a0\u00bb{}\u00a0\u00bb][et_pb_text _builder_version=\u00a0\u00bb4.23.4&Prime; _module_preset=\u00a0\u00bbe6504a1b-67eb-4b3d-b023-bcab277610b6&Prime; header_4_font=\u00a0\u00bbInter|700||on|||||\u00a0\u00bb header_4_text_color=\u00a0\u00bb#AB2F62&Prime; header_4_font_size=\u00a0\u00bb14px\u00a0\u00bb header_4_letter_spacing=\u00a0\u00bb0.4em\u00a0\u00bb header_4_line_height=\u00a0\u00bb1.5em\u00a0\u00bb custom_margin=\u00a0\u00bb||0px||false|false\u00a0\u00bb global_colors_info=\u00a0\u00bb{}\u00a0\u00bb]<\/p>\n<h4>Association Fr.K@wa\u00ef<\/h4>\n<p>[\/et_pb_text][et_pb_text _builder_version=\u00a0\u00bb4.23.4&Prime; _module_preset=\u00a0\u00bbc16985e1-e0d6-4022-964d-e2bfc04fa633&Prime; header_font=\u00a0\u00bbTrispace|700||on|||||\u00a0\u00bb header_text_color=\u00a0\u00bb#FFFFFF\u00a0\u00bb header_font_size=\u00a0\u00bb67px\u00a0\u00bb header_letter_spacing=\u00a0\u00bb0em\u00a0\u00bb custom_margin=\u00a0\u00bb|-40%||101px|false|false\u00a0\u00bb header_font_size_tablet=\u00a0\u00bb40px\u00a0\u00bb header_font_size_phone=\u00a0\u00bb24px\u00a0\u00bb header_font_size_last_edited=\u00a0\u00bbon|phone\u00a0\u00bb header_text_shadow_style=\u00a0\u00bbpreset2&Prime; header_text_shadow_horizontal_length=\u00a0\u00bb0em\u00a0\u00bb header_text_shadow_vertical_length=\u00a0\u00bb4px\u00a0\u00bb header_text_shadow_blur_strength=\u00a0\u00bb0px\u00a0\u00bb header_text_shadow_color=\u00a0\u00bb#E84085&Prime; global_colors_info=\u00a0\u00bb{}\u00a0\u00bb]<\/p>\n<h1 style=\"text-align: center;\"><span>MST et Grrr magazine<\/span><\/h1>\n<p>[\/et_pb_text][\/et_pb_column][et_pb_column type=\u00a0\u00bb1_3&Prime; _builder_version=\u00a0\u00bb4.17.4&Prime; _module_preset=\u00a0\u00bbdefault\u00a0\u00bb global_colors_info=\u00a0\u00bb{}\u00a0\u00bb][et_pb_image src=\u00a0\u00bbhttps:\/\/frkawai.fr\/wp-content\/uploads\/2024\/05\/kawai-elbeuf-bleu-encre.jpg\u00a0\u00bb title_text=\u00a0\u00bbkawai-elbeuf-bleu-encre\u00a0\u00bb align=\u00a0\u00bbright\u00a0\u00bb _builder_version=\u00a0\u00bb4.25.1&Prime; _module_preset=\u00a0\u00bbdefault\u00a0\u00bb width=\u00a0\u00bb60%\u00a0\u00bb custom_margin=\u00a0\u00bb-15%||10%||false|false\u00a0\u00bb custom_margin_tablet=\u00a0\u00bb0%||10%||false|false\u00a0\u00bb custom_margin_phone=\u00a0\u00bb0%||20%||false|false\u00a0\u00bb custom_margin_last_edited=\u00a0\u00bbon|tablet\u00a0\u00bb custom_padding=\u00a0\u00bb||0px|6px||\u00a0\u00bb global_colors_info=\u00a0\u00bb{}\u00a0\u00bb][\/et_pb_image][\/et_pb_column][\/et_pb_row][\/et_pb_section][et_pb_section fb_built=\u00a0\u00bb1&Prime; admin_label=\u00a0\u00bbAbout\u00a0\u00bb _builder_version=\u00a0\u00bb4.17.4&Prime; _module_preset=\u00a0\u00bbdefault\u00a0\u00bb background_color=\u00a0\u00bb#000000&Prime; collapsed=\u00a0\u00bbon\u00a0\u00bb global_colors_info=\u00a0\u00bb{}\u00a0\u00bb][et_pb_row custom_padding_last_edited=\u00a0\u00bbon|desktop\u00a0\u00bb _builder_version=\u00a0\u00bb4.23.4&Prime; _module_preset=\u00a0\u00bbdefault\u00a0\u00bb background_enable_color=\u00a0\u00bboff\u00a0\u00bb use_background_color_gradient=\u00a0\u00bbon\u00a0\u00bb background_color_gradient_direction=\u00a0\u00bb160deg\u00a0\u00bb background_color_gradient_stops=\u00a0\u00bbrgba(255,255,255,0.16) 0%|rgba(255,255,255,0) 100%\u00a0\u00bb background_image=\u00a0\u00bbhttps:\/\/frkawai.fr\/wp-content\/uploads\/2024\/01\/streamer-68.png\u00a0\u00bb parallax=\u00a0\u00bbon\u00a0\u00bb custom_padding=\u00a0\u00bb60px|60px|60px|60px|true|true\u00a0\u00bb custom_padding_tablet=\u00a0\u00bb30px|30px|30px|30px|true|true\u00a0\u00bb custom_padding_phone=\u00a0\u00bb20px|20px|20px|20px|true|true\u00a0\u00bb border_radii=\u00a0\u00bbon|20px|20px|20px|20px\u00a0\u00bb box_shadow_style=\u00a0\u00bbpreset1&Prime; box_shadow_horizontal=\u00a0\u00bb-1px\u00a0\u00bb box_shadow_vertical=\u00a0\u00bb-1px\u00a0\u00bb box_shadow_blur=\u00a0\u00bb0px\u00a0\u00bb box_shadow_color=\u00a0\u00bbrgba(255,255,255,0.21)\u00a0\u00bb global_colors_info=\u00a0\u00bb{}\u00a0\u00bb][et_pb_column type=\u00a0\u00bb4_4&Prime; _builder_version=\u00a0\u00bb4.17.4&Prime; _module_preset=\u00a0\u00bbdefault\u00a0\u00bb custom_padding=\u00a0\u00bb8%||||false|false\u00a0\u00bb custom_padding_tablet=\u00a0\u00bb0%||||false|false\u00a0\u00bb custom_padding_phone=\u00a0\u00bb0%||||false|false\u00a0\u00bb custom_padding_last_edited=\u00a0\u00bbon|tablet\u00a0\u00bb global_colors_info=\u00a0\u00bb{}\u00a0\u00bb][et_pb_text _builder_version=\u00a0\u00bb4.27.4&Prime; _module_preset=\u00a0\u00bbb327cbe4-b1d5-4b66-ad37-40c8f2f061ba\u00a0\u00bb header_2_font=\u00a0\u00bbTrispace|700||on|||||\u00a0\u00bb header_2_text_color=\u00a0\u00bb#FFFFFF\u00a0\u00bb header_2_font_size=\u00a0\u00bb48px\u00a0\u00bb header_2_letter_spacing=\u00a0\u00bb0em\u00a0\u00bb header_2_line_height=\u00a0\u00bb1.2em\u00a0\u00bb hover_enabled=\u00a0\u00bb0&Prime; header_2_font_size_tablet=\u00a0\u00bb32px\u00a0\u00bb header_2_font_size_phone=\u00a0\u00bb20px\u00a0\u00bb header_2_font_size_last_edited=\u00a0\u00bbon|desktop\u00a0\u00bb header_2_text_shadow_style=\u00a0\u00bbpreset2&Prime; header_2_text_shadow_horizontal_length=\u00a0\u00bb0em\u00a0\u00bb header_2_text_shadow_vertical_length=\u00a0\u00bb4px\u00a0\u00bb header_2_text_shadow_blur_strength=\u00a0\u00bb0px\u00a0\u00bb header_2_text_shadow_color=\u00a0\u00bb#AB2F62&Prime; global_colors_info=\u00a0\u00bb{}\u00a0\u00bb sticky_enabled=\u00a0\u00bb0&Prime;]<\/p>\n<h2>Avis : Contenu Sensible<\/h2>\n<p>[\/et_pb_text][et_pb_text _builder_version=\u00a0\u00bb4.23.4&Prime; _module_preset=\u00a0\u00bb1f09816e-184e-4ce5-a4cf-b39c52c423ca\u00a0\u00bb text_font=\u00a0\u00bbOpen Sans||||||||\u00a0\u00bb text_text_color=\u00a0\u00bb#7F8596&Prime; text_font_size=\u00a0\u00bb16px\u00a0\u00bb text_line_height=\u00a0\u00bb1.8em\u00a0\u00bb text_font_size_tablet=\u00a0\u00bb15px\u00a0\u00bb text_font_size_phone=\u00a0\u00bb14px\u00a0\u00bb text_font_size_last_edited=\u00a0\u00bbon|phone\u00a0\u00bb header_font_size_tablet=\u00a0\u00bb55px\u00a0\u00bb header_font_size_last_edited=\u00a0\u00bboff|desktop\u00a0\u00bb global_colors_info=\u00a0\u00bb{}\u00a0\u00bb]<\/p>\n<p style=\"text-align: justify;\">Durant l&rsquo;histoire de notre association, nous avons eu des moments \u00ab\u00a0sans filtre\u00a0\u00bb. Ce f\u00fbt tout d&rsquo;abord \u00ab\u00a0GRRRR\u00a0\u00bb, un fanzine improbable et introuvable en dehors de ce site car il a \u00e9t\u00e9 tir\u00e9 au m\u00eame nombre d&rsquo;exemplaires que de participants. C&rsquo;est l&rsquo;anc\u00eatre du Mag&rsquo;wa\u00ef d&rsquo;une certaine mani\u00e8re&#8230;. Puis, \u00e0 chaque num\u00e9ro du Mag&rsquo;wa\u00ef revenait ce refrain : \u00ab\u00a0Quand est-ce qu&rsquo;on refait du sale ???\u00a0\u00bb et finalement nous avons cr\u00e9\u00e9 \u00ab\u00a0MST\u00a0\u00bb pour \u00ab\u00a0Moche Sale et Trash\u00a0\u00bb qui se verra \u00eatre fusionn\u00e9 avec le Mag&rsquo;wa\u00ef pour leur dernier num\u00e9ro respectif.<span style=\"color: #e02b20;\"><strong> <\/strong><\/span><\/p>\n<p style=\"text-align: center;\"><span style=\"font-size: xx-large;\"><span style=\"color: #e02b20;\"><strong>AVERTISSEMENT :<\/strong> <\/span><\/span><\/p>\n<p style=\"text-align: center;\"><span style=\"font-size: x-large;\"><strong><span style=\"color: #e00b00;\">CES PUBLICATIONS NE SONT PAS DESTIN\u00c9ES A UN JEUNE PUBLIC<\/span><\/strong><\/span><\/p>\n<p>&nbsp;<\/p>\n<p>[\/et_pb_text][\/et_pb_column][\/et_pb_row][\/et_pb_section][et_pb_section fb_built=\u00a0\u00bb1&Prime; _builder_version=\u00a0\u00bb4.23.4&Prime; _module_preset=\u00a0\u00bbdefault\u00a0\u00bb background_color=\u00a0\u00bb#000000&Prime; custom_padding=\u00a0\u00bb32px||38px|||\u00a0\u00bb global_colors_info=\u00a0\u00bb{}\u00a0\u00bb][et_pb_row _builder_version=\u00a0\u00bb4.23.4&Prime; _module_preset=\u00a0\u00bbdefault\u00a0\u00bb global_colors_info=\u00a0\u00bb{}\u00a0\u00bb][et_pb_column type=\u00a0\u00bb4_4&Prime; _builder_version=\u00a0\u00bb4.23.4&Prime; _module_preset=\u00a0\u00bbdefault\u00a0\u00bb global_colors_info=\u00a0\u00bb{}\u00a0\u00bb][et_pb_text _builder_version=\u00a0\u00bb4.23.4&Prime; _module_preset=\u00a0\u00bbb327cbe4-b1d5-4b66-ad37-40c8f2f061ba\u00a0\u00bb header_2_font=\u00a0\u00bbTrispace|700||on|||||\u00a0\u00bb header_2_text_color=\u00a0\u00bb#FFFFFF\u00a0\u00bb header_2_font_size=\u00a0\u00bb41px\u00a0\u00bb header_2_letter_spacing=\u00a0\u00bb0em\u00a0\u00bb header_2_line_height=\u00a0\u00bb1.2em\u00a0\u00bb header_2_font_size_tablet=\u00a0\u00bb32px\u00a0\u00bb header_2_font_size_phone=\u00a0\u00bb20px\u00a0\u00bb header_2_font_size_last_edited=\u00a0\u00bbon|desktop\u00a0\u00bb header_2_text_shadow_style=\u00a0\u00bbpreset2&Prime; header_2_text_shadow_horizontal_length=\u00a0\u00bb0em\u00a0\u00bb header_2_text_shadow_vertical_length=\u00a0\u00bb4px\u00a0\u00bb header_2_text_shadow_blur_strength=\u00a0\u00bb0px\u00a0\u00bb header_2_text_shadow_color=\u00a0\u00bb#AB2F62&Prime; global_colors_info=\u00a0\u00bb{}\u00a0\u00bb]<\/p>\n<h2 style=\"text-align: center;\">Cliquez pour t\u00e9l\u00e9charger votre Magazine<\/h2>\n<p style=\"text-align: center;\">(A VOS RISQUES ET PERILS&#8230;.)<\/p>\n<p>[\/et_pb_text][\/et_pb_column][\/et_pb_row][\/et_pb_section][et_pb_section fb_built=\u00a0\u00bb1&Prime; custom_padding_last_edited=\u00a0\u00bboff|desktop\u00a0\u00bb admin_label=\u00a0\u00bbFeatures\u00a0\u00bb _builder_version=\u00a0\u00bb4.17.4&Prime; _module_preset=\u00a0\u00bbdefault\u00a0\u00bb background_color=\u00a0\u00bb#000000&Prime; use_background_color_gradient=\u00a0\u00bbon\u00a0\u00bb background_color_gradient_stops=\u00a0\u00bb#000000 0%|rgba(0,0,0,0) 20%|rgba(0,0,0,0) 80%|#000000 100%\u00a0\u00bb background_color_gradient_overlays_image=\u00a0\u00bbon\u00a0\u00bb background_image=\u00a0\u00bbhttps:\/\/frkawai.fr\/wp-content\/uploads\/2024\/01\/streamer-79.png\u00a0\u00bb custom_padding=\u00a0\u00bb0vw||0vw||true|false\u00a0\u00bb custom_padding_tablet=\u00a0\u00bb30%||||false|false\u00a0\u00bb custom_padding_phone=\u00a0\u00bb30%||||false|false\u00a0\u00bb locked=\u00a0\u00bboff\u00a0\u00bb collapsed=\u00a0\u00bbon\u00a0\u00bb global_colors_info=\u00a0\u00bb{}\u00a0\u00bb][et_pb_row column_structure=\u00a0\u00bb1_4,1_4,1_4,1_4&Prime; _builder_version=\u00a0\u00bb4.23.4&Prime; _module_preset=\u00a0\u00bbdefault\u00a0\u00bb global_colors_info=\u00a0\u00bb{}\u00a0\u00bb][et_pb_column type=\u00a0\u00bb1_4&Prime; _builder_version=\u00a0\u00bb4.23.4&Prime; _module_preset=\u00a0\u00bbdefault\u00a0\u00bb background_enable_color=\u00a0\u00bboff\u00a0\u00bb global_colors_info=\u00a0\u00bb{}\u00a0\u00bb][et_pb_image src=\u00a0\u00bbhttps:\/\/frkawai.fr\/wp-content\/uploads\/2024\/01\/Capture-decran-2024-01-08-a-16.18.06.png\u00a0\u00bb title_text=\u00a0\u00bbCapture d\u2019e\u0301cran 2024-01-08 a\u0300 16.18.06&Prime; _builder_version=\u00a0\u00bb4.27.4&Prime; _module_preset=\u00a0\u00bbdefault\u00a0\u00bb hover_enabled=\u00a0\u00bb0&Prime; border_radii=\u00a0\u00bbon|20px|20px|20px|20px\u00a0\u00bb global_colors_info=\u00a0\u00bb{}\u00a0\u00bb custom_margin__hover_enabled=\u00a0\u00bbon|hover\u00a0\u00bb custom_margin__hover=\u00a0\u00bb-10px||||false|false\u00a0\u00bb url=\u00a0\u00bbhttps:\/\/frkawai.fr\/wp-content\/uploads\/2025\/05\/mag00.pdf\u00a0\u00bb sticky_enabled=\u00a0\u00bb0&Prime;][\/et_pb_image][\/et_pb_column][et_pb_column type=\u00a0\u00bb1_4&Prime; _builder_version=\u00a0\u00bb4.23.4&Prime; _module_preset=\u00a0\u00bbdefault\u00a0\u00bb global_colors_info=\u00a0\u00bb{}\u00a0\u00bb][et_pb_image src=\u00a0\u00bbhttps:\/\/frkawai.fr\/wp-content\/uploads\/2025\/05\/Capture-decran-2024-01-08-a-16.17.56.png\u00a0\u00bb title_text=\u00a0\u00bbCapture-decran-2024-01-08-a-16.17.56&Prime; _builder_version=\u00a0\u00bb4.27.4&Prime; _module_preset=\u00a0\u00bbdefault\u00a0\u00bb hover_enabled=\u00a0\u00bb0&Prime; border_radii=\u00a0\u00bbon|20px|20px|20px|20px\u00a0\u00bb global_colors_info=\u00a0\u00bb{}\u00a0\u00bb custom_margin__hover_enabled=\u00a0\u00bbon|hover\u00a0\u00bb custom_margin__hover=\u00a0\u00bb-10px||||false|false\u00a0\u00bb url=\u00a0\u00bbhttps:\/\/frkawai.fr\/wp-content\/uploads\/2025\/05\/mst01.pdf\u00a0\u00bb sticky_enabled=\u00a0\u00bb0&Prime;][\/et_pb_image][\/et_pb_column][et_pb_column type=\u00a0\u00bb1_4&Prime; _builder_version=\u00a0\u00bb4.23.4&Prime; _module_preset=\u00a0\u00bbdefault\u00a0\u00bb global_colors_info=\u00a0\u00bb{}\u00a0\u00bb][et_pb_image src=\u00a0\u00bbhttps:\/\/frkawai.fr\/wp-content\/uploads\/2024\/01\/Capture-decran-2024-01-08-a-16.17.46.png\u00a0\u00bb title_text=\u00a0\u00bbCapture d\u2019e\u0301cran 2024-01-08 a\u0300 16.17.46&Prime; _builder_version=\u00a0\u00bb4.27.4&Prime; _module_preset=\u00a0\u00bbdefault\u00a0\u00bb hover_enabled=\u00a0\u00bb0&Prime; border_radii=\u00a0\u00bbon|20px|20px|20px|20px\u00a0\u00bb global_colors_info=\u00a0\u00bb{}\u00a0\u00bb custom_margin__hover_enabled=\u00a0\u00bbon|hover\u00a0\u00bb custom_margin__hover=\u00a0\u00bb-10px||||false|false\u00a0\u00bb url=\u00a0\u00bbhttps:\/\/frkawai.fr\/wp-content\/uploads\/2025\/05\/mst02.pdf\u00a0\u00bb sticky_enabled=\u00a0\u00bb0&Prime;][\/et_pb_image][\/et_pb_column][et_pb_column type=\u00a0\u00bb1_4&Prime; _builder_version=\u00a0\u00bb4.23.4&Prime; _module_preset=\u00a0\u00bbdefault\u00a0\u00bb global_colors_info=\u00a0\u00bb{}\u00a0\u00bb][et_pb_image src=\u00a0\u00bbhttps:\/\/frkawai.fr\/wp-content\/uploads\/2024\/01\/Capture-decran-2024-01-08-a-16.17.36.png\u00a0\u00bb title_text=\u00a0\u00bbCapture d\u2019e\u0301cran 2024-01-08 a\u0300 16.17.36&Prime; _builder_version=\u00a0\u00bb4.27.4&Prime; _module_preset=\u00a0\u00bbdefault\u00a0\u00bb hover_enabled=\u00a0\u00bb0&Prime; border_radii=\u00a0\u00bbon|20px|20px|20px|20px\u00a0\u00bb global_colors_info=\u00a0\u00bb{}\u00a0\u00bb custom_margin__hover_enabled=\u00a0\u00bbon|hover\u00a0\u00bb custom_margin__hover=\u00a0\u00bb-10px||||false|false\u00a0\u00bb url=\u00a0\u00bbhttps:\/\/frkawai.fr\/wp-content\/uploads\/2025\/05\/mst03.pdf\u00a0\u00bb sticky_enabled=\u00a0\u00bb0&Prime;][\/et_pb_image][\/et_pb_column][\/et_pb_row][\/et_pb_section]<\/p>\n","protected":false},"excerpt":{"rendered":"<p>Association Fr.K@wa\u00efMST et Grrr magazineAvis : Contenu SensibleDurant l&rsquo;histoire de notre association, nous avons eu des moments \u00ab\u00a0sans filtre\u00a0\u00bb. Ce f\u00fbt tout d&rsquo;abord \u00ab\u00a0GRRRR\u00a0\u00bb, un fanzine improbable et introuvable en dehors de ce site car il a \u00e9t\u00e9 tir\u00e9 au m\u00eame nombre d&rsquo;exemplaires que de participants. C&rsquo;est l&rsquo;anc\u00eatre du Mag&rsquo;wa\u00ef d&rsquo;une certaine mani\u00e8re&#8230;. Puis, \u00e0 chaque num\u00e9ro du Mag&rsquo;wa\u00ef revenait ce refrain : \u00ab\u00a0Quand est-ce qu&rsquo;on refait du sale ???\u00a0\u00bb et finalement nous avons cr\u00e9\u00e9 \u00ab\u00a0MST\u00a0\u00bb pour \u00ab\u00a0Moche Sale et Trash\u00a0\u00bb qui se verra \u00eatre fusionn\u00e9 avec le Mag&rsquo;wa\u00ef pour leur dernier num\u00e9ro respectif. AVERTISSEMENT : CES PUBLICATIONS NE SONT PAS DESTIN\u00c9ES A UN JEUNE PUBLIC &nbsp;Cliquez pour t\u00e9l\u00e9charger votre Magazine (A VOS RISQUES ET PERILS&#8230;.)<\/p>\n","protected":false},"author":2,"featured_media":0,"parent":0,"menu_order":0,"comment_status":"closed","ping_status":"closed","template":"","meta":{"_et_pb_use_builder":"on","_et_pb_old_content":"","_et_gb_content_width":"","footnotes":""},"class_list":["post-161","page","type-page","status-publish","hentry"],"yoast_head":"<!-- This site is optimized with the Yoast SEO plugin v27.3 - https:\/\/yoast.com\/product\/yoast-seo-wordpress\/ -->\n<title>MST et Grrr magazine - FRk@wa\u00ef<\/title>\n<meta name=\"robots\" content=\"index, follow, max-snippet:-1, max-image-preview:large, max-video-preview:-1\" \/>\n<link rel=\"canonical\" href=\"https:\/\/frkawai.fr\/index.php\/mst-et-grrr-magazine\/\" \/>\n<meta property=\"og:locale\" content=\"fr_FR\" \/>\n<meta property=\"og:type\" content=\"article\" \/>\n<meta property=\"og:title\" content=\"MST et Grrr magazine - FRk@wa\u00ef\" \/>\n<meta property=\"og:description\" content=\"Association Fr.K@wa\u00efMST et Grrr magazineAvis : Contenu SensibleDurant l&#039;histoire de notre association, nous avons eu des moments &quot;sans filtre&quot;. Ce f\u00fbt tout d&#039;abord &quot;GRRRR&quot;, un fanzine improbable et introuvable en dehors de ce site car il a \u00e9t\u00e9 tir\u00e9 au m\u00eame nombre d&#039;exemplaires que de participants. C&#039;est l&#039;anc\u00eatre du Mag&#039;wa\u00ef d&#039;une certaine mani\u00e8re.... Puis, \u00e0 chaque num\u00e9ro du Mag&#039;wa\u00ef revenait ce refrain : &quot;Quand est-ce qu&#039;on refait du sale ???&quot; et finalement nous avons cr\u00e9\u00e9 &quot;MST&quot; pour &quot;Moche Sale et Trash&quot; qui se verra \u00eatre fusionn\u00e9 avec le Mag&#039;wa\u00ef pour leur dernier num\u00e9ro respectif. AVERTISSEMENT : CES PUBLICATIONS NE SONT PAS DESTIN\u00c9ES A UN JEUNE PUBLIC &nbsp;Cliquez pour t\u00e9l\u00e9charger votre Magazine (A VOS RISQUES ET PERILS....)\" \/>\n<meta property=\"og:url\" content=\"https:\/\/frkawai.fr\/index.php\/mst-et-grrr-magazine\/\" \/>\n<meta property=\"og:site_name\" content=\"FRk@wa\u00ef\" \/>\n<meta property=\"article:modified_time\" content=\"2025-05-07T12:37:40+00:00\" \/>\n<meta name=\"twitter:card\" content=\"summary_large_image\" \/>\n<meta name=\"twitter:label1\" content=\"Dur\u00e9e de lecture estim\u00e9e\" \/>\n\t<meta name=\"twitter:data1\" content=\"7 minutes\" \/>\n<script type=\"application\/ld+json\" class=\"yoast-schema-graph\">{\"@context\":\"https:\\\/\\\/schema.org\",\"@graph\":[{\"@type\":\"WebPage\",\"@id\":\"https:\\\/\\\/frkawai.fr\\\/index.php\\\/mst-et-grrr-magazine\\\/\",\"url\":\"https:\\\/\\\/frkawai.fr\\\/index.php\\\/mst-et-grrr-magazine\\\/\",\"name\":\"MST et Grrr magazine - FRk@wa\u00ef\",\"isPartOf\":{\"@id\":\"https:\\\/\\\/frkawai.fr\\\/#website\"},\"datePublished\":\"2024-01-08T15:26:14+00:00\",\"dateModified\":\"2025-05-07T12:37:40+00:00\",\"breadcrumb\":{\"@id\":\"https:\\\/\\\/frkawai.fr\\\/index.php\\\/mst-et-grrr-magazine\\\/#breadcrumb\"},\"inLanguage\":\"fr-FR\",\"potentialAction\":[{\"@type\":\"ReadAction\",\"target\":[\"https:\\\/\\\/frkawai.fr\\\/index.php\\\/mst-et-grrr-magazine\\\/\"]}]},{\"@type\":\"BreadcrumbList\",\"@id\":\"https:\\\/\\\/frkawai.fr\\\/index.php\\\/mst-et-grrr-magazine\\\/#breadcrumb\",\"itemListElement\":[{\"@type\":\"ListItem\",\"position\":1,\"name\":\"Accueil\",\"item\":\"https:\\\/\\\/frkawai.fr\\\/\"},{\"@type\":\"ListItem\",\"position\":2,\"name\":\"MST et Grrr magazine\"}]},{\"@type\":\"WebSite\",\"@id\":\"https:\\\/\\\/frkawai.fr\\\/#website\",\"url\":\"https:\\\/\\\/frkawai.fr\\\/\",\"name\":\"FRk@wa\u00ef\",\"description\":\"FRk@wa\u00ef\",\"publisher\":{\"@id\":\"https:\\\/\\\/frkawai.fr\\\/#organization\"},\"potentialAction\":[{\"@type\":\"SearchAction\",\"target\":{\"@type\":\"EntryPoint\",\"urlTemplate\":\"https:\\\/\\\/frkawai.fr\\\/?s={search_term_string}\"},\"query-input\":{\"@type\":\"PropertyValueSpecification\",\"valueRequired\":true,\"valueName\":\"search_term_string\"}}],\"inLanguage\":\"fr-FR\"},{\"@type\":\"Organization\",\"@id\":\"https:\\\/\\\/frkawai.fr\\\/#organization\",\"name\":\"FRk@wa\u00ef\",\"url\":\"https:\\\/\\\/frkawai.fr\\\/\",\"logo\":{\"@type\":\"ImageObject\",\"inLanguage\":\"fr-FR\",\"@id\":\"https:\\\/\\\/frkawai.fr\\\/#\\\/schema\\\/logo\\\/image\\\/\",\"url\":\"https:\\\/\\\/frkawai.fr\\\/wp-content\\\/uploads\\\/2024\\\/01\\\/Logo-Fr.k@wai.png\",\"contentUrl\":\"https:\\\/\\\/frkawai.fr\\\/wp-content\\\/uploads\\\/2024\\\/01\\\/Logo-Fr.k@wai.png\",\"width\":500,\"height\":500,\"caption\":\"FRk@wa\u00ef\"},\"image\":{\"@id\":\"https:\\\/\\\/frkawai.fr\\\/#\\\/schema\\\/logo\\\/image\\\/\"}}]}<\/script>\n<!-- \/ Yoast SEO plugin. -->","yoast_head_json":{"title":"MST et Grrr magazine - FRk@wa\u00ef","robots":{"index":"index","follow":"follow","max-snippet":"max-snippet:-1","max-image-preview":"max-image-preview:large","max-video-preview":"max-video-preview:-1"},"canonical":"https:\/\/frkawai.fr\/index.php\/mst-et-grrr-magazine\/","og_locale":"fr_FR","og_type":"article","og_title":"MST et Grrr magazine - FRk@wa\u00ef","og_description":"Association Fr.K@wa\u00efMST et Grrr magazineAvis : Contenu SensibleDurant l'histoire de notre association, nous avons eu des moments \"sans filtre\". Ce f\u00fbt tout d'abord \"GRRRR\", un fanzine improbable et introuvable en dehors de ce site car il a \u00e9t\u00e9 tir\u00e9 au m\u00eame nombre d'exemplaires que de participants. C'est l'anc\u00eatre du Mag'wa\u00ef d'une certaine mani\u00e8re.... Puis, \u00e0 chaque num\u00e9ro du Mag'wa\u00ef revenait ce refrain : \"Quand est-ce qu'on refait du sale ???\" et finalement nous avons cr\u00e9\u00e9 \"MST\" pour \"Moche Sale et Trash\" qui se verra \u00eatre fusionn\u00e9 avec le Mag'wa\u00ef pour leur dernier num\u00e9ro respectif. AVERTISSEMENT : CES PUBLICATIONS NE SONT PAS DESTIN\u00c9ES A UN JEUNE PUBLIC &nbsp;Cliquez pour t\u00e9l\u00e9charger votre Magazine (A VOS RISQUES ET PERILS....)","og_url":"https:\/\/frkawai.fr\/index.php\/mst-et-grrr-magazine\/","og_site_name":"FRk@wa\u00ef","article_modified_time":"2025-05-07T12:37:40+00:00","twitter_card":"summary_large_image","twitter_misc":{"Dur\u00e9e de lecture estim\u00e9e":"7 minutes"},"schema":{"@context":"https:\/\/schema.org","@graph":[{"@type":"WebPage","@id":"https:\/\/frkawai.fr\/index.php\/mst-et-grrr-magazine\/","url":"https:\/\/frkawai.fr\/index.php\/mst-et-grrr-magazine\/","name":"MST et Grrr magazine - FRk@wa\u00ef","isPartOf":{"@id":"https:\/\/frkawai.fr\/#website"},"datePublished":"2024-01-08T15:26:14+00:00","dateModified":"2025-05-07T12:37:40+00:00","breadcrumb":{"@id":"https:\/\/frkawai.fr\/index.php\/mst-et-grrr-magazine\/#breadcrumb"},"inLanguage":"fr-FR","potentialAction":[{"@type":"ReadAction","target":["https:\/\/frkawai.fr\/index.php\/mst-et-grrr-magazine\/"]}]},{"@type":"BreadcrumbList","@id":"https:\/\/frkawai.fr\/index.php\/mst-et-grrr-magazine\/#breadcrumb","itemListElement":[{"@type":"ListItem","position":1,"name":"Accueil","item":"https:\/\/frkawai.fr\/"},{"@type":"ListItem","position":2,"name":"MST et Grrr magazine"}]},{"@type":"WebSite","@id":"https:\/\/frkawai.fr\/#website","url":"https:\/\/frkawai.fr\/","name":"FRk@wa\u00ef","description":"FRk@wa\u00ef","publisher":{"@id":"https:\/\/frkawai.fr\/#organization"},"potentialAction":[{"@type":"SearchAction","target":{"@type":"EntryPoint","urlTemplate":"https:\/\/frkawai.fr\/?s={search_term_string}"},"query-input":{"@type":"PropertyValueSpecification","valueRequired":true,"valueName":"search_term_string"}}],"inLanguage":"fr-FR"},{"@type":"Organization","@id":"https:\/\/frkawai.fr\/#organization","name":"FRk@wa\u00ef","url":"https:\/\/frkawai.fr\/","logo":{"@type":"ImageObject","inLanguage":"fr-FR","@id":"https:\/\/frkawai.fr\/#\/schema\/logo\/image\/","url":"https:\/\/frkawai.fr\/wp-content\/uploads\/2024\/01\/Logo-Fr.k@wai.png","contentUrl":"https:\/\/frkawai.fr\/wp-content\/uploads\/2024\/01\/Logo-Fr.k@wai.png","width":500,"height":500,"caption":"FRk@wa\u00ef"},"image":{"@id":"https:\/\/frkawai.fr\/#\/schema\/logo\/image\/"}}]}},"_links":{"self":[{"href":"https:\/\/frkawai.fr\/index.php\/wp-json\/wp\/v2\/pages\/161","targetHints":{"allow":["GET"]}}],"collection":[{"href":"https:\/\/frkawai.fr\/index.php\/wp-json\/wp\/v2\/pages"}],"about":[{"href":"https:\/\/frkawai.fr\/index.php\/wp-json\/wp\/v2\/types\/page"}],"author":[{"embeddable":true,"href":"https:\/\/frkawai.fr\/index.php\/wp-json\/wp\/v2\/users\/2"}],"replies":[{"embeddable":true,"href":"https:\/\/frkawai.fr\/index.php\/wp-json\/wp\/v2\/comments?post=161"}],"version-history":[{"count":5,"href":"https:\/\/frkawai.fr\/index.php\/wp-json\/wp\/v2\/pages\/161\/revisions"}],"predecessor-version":[{"id":416,"href":"https:\/\/frkawai.fr\/index.php\/wp-json\/wp\/v2\/pages\/161\/revisions\/416"}],"wp:attachment":[{"href":"https:\/\/frkawai.fr\/index.php\/wp-json\/wp\/v2\/media?parent=161"}],"curies":[{"name":"wp","href":"https:\/\/api.w.org\/{rel}","templated":true}]}}