{"id":309,"date":"2024-01-23T15:40:31","date_gmt":"2024-01-23T14:40:31","guid":{"rendered":"https:\/\/frkawai.fr\/?page_id=309"},"modified":"2024-01-25T10:21:04","modified_gmt":"2024-01-25T09:21:04","slug":"mentions-legales","status":"publish","type":"page","link":"https:\/\/frkawai.fr\/index.php\/mentions-legales\/","title":{"rendered":"Mentions L\u00e9gales"},"content":{"rendered":"<p>[et_pb_section fb_built=\u00a0\u00bb1&Prime; _builder_version=\u00a0\u00bb4.24.0&Prime; _module_preset=\u00a0\u00bbdefault\u00a0\u00bb hover_enabled=\u00a0\u00bb0&Prime; global_colors_info=\u00a0\u00bb{}\u00a0\u00bb background_color=\u00a0\u00bb#000000&Prime; sticky_enabled=\u00a0\u00bb0&Prime;][et_pb_row _builder_version=\u00a0\u00bb4.24.0&Prime; _module_preset=\u00a0\u00bbdefault\u00a0\u00bb global_colors_info=\u00a0\u00bb{}\u00a0\u00bb][et_pb_column type=\u00a0\u00bb4_4&Prime; _builder_version=\u00a0\u00bb4.24.0&Prime; _module_preset=\u00a0\u00bbdefault\u00a0\u00bb global_colors_info=\u00a0\u00bb{}\u00a0\u00bb][et_pb_text _builder_version=\u00a0\u00bb4.24.0&Prime; _module_preset=\u00a0\u00bbdefault\u00a0\u00bb hover_enabled=\u00a0\u00bb0&Prime; global_colors_info=\u00a0\u00bb{}\u00a0\u00bb text_text_color=\u00a0\u00bb#FFFFFF\u00a0\u00bb header_text_color=\u00a0\u00bb#FFFFFF\u00a0\u00bb header_2_text_color=\u00a0\u00bb#FFFFFF\u00a0\u00bb header_3_text_color=\u00a0\u00bb#FFFFFF\u00a0\u00bb sticky_enabled=\u00a0\u00bb0&Prime;]<\/p>\n<h1><strong>Mentions L\u00e9gales<\/strong><\/h1>\n<p><strong><\/strong><\/p>\n<p><span>FR.K@WA\u00cf, Association, dont le si\u00e8ge social est situ\u00e9 au LA SOUCHE, 76500 ELBEUF<\/span><\/p>\n<h3 class=\"grid__item\" id=\"customTitle1\"><strong>Nom de l&rsquo;associaion<\/strong><\/h3>\n<p class=\"grid__item\"><span>FR.K@WA\u00cf<\/span><\/p>\n<h3 class=\"grid__item\" id=\"customTitle2\"><strong>No. d\u2019enregistrement:<\/strong><\/h3>\n<p class=\"grid__item\"><strong>Siret :<\/strong><span> 801 091 190 00018<\/span><\/p>\n<p class=\"grid__item\"><strong>Siren :<\/strong><span> 801 091 190<\/span><\/p>\n<p class=\"grid__item\"><strong>Num\u00e9ro de TVA :<\/strong><span> FR30801091190<\/span><\/p>\n<p class=\"grid__item\"><strong>Code NAF ou APE :<\/strong><span> 94.99Z\u00a0<span class=\"far fa-copy clipboard\"><\/span>\u00a0(Autres organisations fonctionnant par adh\u00e9sion volontaire)<\/span><\/p>\n<div class=\"FicheDonnees__item\">\n<div class=\"FicheDonnees__description first newoffers\"><\/div>\n<div class=\"FicheDonnees__description first newoffers\">Repr\u00e9sent\u00e9e par Mme Carole LOZ\u00c9 et Mr Michael LOZ\u00c9 agissant et ayant les pouvoirs n\u00e9cessaires en tant que g\u00e9rant.<\/div>\n<div class=\"FicheDonnees__description first newoffers\"><\/div>\n<\/div>\n<div class=\"grid__item\">\n<h3 id=\"customTitle3\"><strong>Coordonn\u00e9es :<\/strong><\/h3>\n<p class=\"grid__item\">le si\u00e8ge social est situ\u00e9 au <span>LA SOUCHE, 76500 ELBEUF\u00a0<\/span><span class=\"copied far fa-copy clipboard\"><\/span><\/p>\n<p class=\"grid__item\"><strong>Mail de l\u2019entreprise :<\/strong><span> contact<\/span>@frkawai.fr<\/p>\n<p class=\"grid__item\"><strong>Tel :<\/strong><span>\u00a0<\/span>06 64 86 58 81<\/p>\n<div class=\"elementor-element elementor-element-7122524 elementor-widget elementor-widget-heading\" data-id=\"7122524\" data-element_type=\"widget\" data-widget_type=\"heading.default\">\n<div class=\"elementor-widget-container\">\n<h2 class=\"elementor-heading-title elementor-size-default\"><strong>\u00c9dition du Site :<\/strong><\/h2>\n<\/div>\n<\/div>\n<div class=\"elementor-element elementor-element-6f26e80 elementor-widget elementor-widget-text-editor\" data-id=\"6f26e80\" data-element_type=\"widget\" data-widget_type=\"text-editor.default\">\n<div class=\"elementor-widget-container\">\n<div class=\"elementor-text-editor elementor-clearfix\">\n<p>La societe SAVOIR DIGITAL a \u00e9t\u00e9 mobilis\u00e9e \u00e0 la conception de ce site.<br \/>Le site de l\u2019\u00e9diteur du site est<span>\u00a0<\/span><a href=\"https:\/\/savoirdigital.fr\/\">https:\/\/savoirdigital.fr\/<\/a>.<\/p>\n<p>L\u2019entreprise \u00e9ditrice du site vitrine a pour si\u00e8ge l\u2019adresse suivante 13 T AV DES POIRIERS 76530 GRAND-COURONNE.<br \/>Celle-ci est sp\u00e9cialis\u00e9e dans la conception de site Web Vitrines et e-commerce ainsi que dans le community management et la communication digital pour les entreprise<\/p>\n<p>&nbsp;<\/p>\n<\/div>\n<\/div>\n<\/div>\n<div class=\"elementor-element elementor-element-383f597 elementor-widget elementor-widget-heading\" data-id=\"383f597\" data-element_type=\"widget\" data-widget_type=\"heading.default\">\n<div class=\"elementor-widget-container\">\n<h3 class=\"elementor-heading-title elementor-size-default\"><strong>Moyen de contact de l\u2019\u00e9diteur:<\/strong><\/h3>\n<\/div>\n<\/div>\n<div class=\"elementor-element elementor-element-1940ad0 elementor-widget elementor-widget-text-editor\" data-id=\"1940ad0\" data-element_type=\"widget\" data-widget_type=\"text-editor.default\">\n<div class=\"elementor-widget-container\">\n<div class=\"elementor-text-editor elementor-clearfix\">\n<p>La societe \u00e9ditrice Savoir digital peut \u00eatre contact\u00e9e par t\u00e9l\u00e9phone ou mail.<\/p>\n<p><strong>L\u2019adresse mail de contact de la societe se trouve \u00eatre :<\/strong><span>\u00a0<\/span>quentin.huaume@savoirdigital.fr<br \/>(Possibilit\u00e9 de contact par le biais du site, via le formulaire pr\u00e9vu \u00e0 cet effet.)<\/p>\n<p><strong>Le num\u00e9ro de t\u00e9l\u00e9phone de la societe est le :<\/strong><span>\u00a0<\/span>0630905766<\/p>\n<p>Ces coordonn\u00e9es peuvent \u00eatre utilis\u00e9es dans un objectif commercial ou non. Ayant pour objet, le site savoirdigital.fr ou une volont\u00e9 de mise en place d\u2019une solution num\u00e9rique pour votre propre structure.<\/p>\n<p>&nbsp;<\/p>\n<\/div>\n<\/div>\n<\/div>\n<h3 class=\"heading--3 color-gray-70 gutter-bottom--reset\" id=\"customTitle4\"><strong>Nom et coordonn\u00e9es de l\u2019h\u00e9bergeur internet:<\/strong><\/h3>\n<p class=\"grid__item\"><strong>1&amp;1\u00a0IONOS\u00a0SARL<\/strong><strong>\u00a0 \u00a0 \u00a0 \u00a0<span>\u00a0<\/span><\/strong><br \/>7, place de la Gare<br \/>BP 70109<br \/>57200 Sarreguemines C<\/p>\n<p class=\"grid__item\"><strong>IONOS cloud<\/strong><br \/>Elgendorfer Str. 57<br \/>56410 Montabaur, Allemagne<\/p>\n<\/div>\n<p>[\/et_pb_text][\/et_pb_column][\/et_pb_row][\/et_pb_section]<\/p>\n","protected":false},"excerpt":{"rendered":"<p>Mentions L\u00e9gales FR.K@WA\u00cf, Association, dont le si\u00e8ge social est situ\u00e9 au LA SOUCHE, 76500 ELBEUF Nom de l&rsquo;associaion FR.K@WA\u00cf No. d\u2019enregistrement: Siret : 801 091 190 00018 Siren : 801 091 190 Num\u00e9ro de TVA : FR30801091190 Code NAF ou APE : 94.99Z\u00a0\u00a0(Autres organisations fonctionnant par adh\u00e9sion volontaire) Repr\u00e9sent\u00e9e par Mme Carole LOZ\u00c9 et Mr Michael LOZ\u00c9 agissant et ayant les pouvoirs n\u00e9cessaires en tant que g\u00e9rant. Coordonn\u00e9es : le si\u00e8ge social est situ\u00e9 au LA SOUCHE, 76500 ELBEUF\u00a0 Mail de l\u2019entreprise : contact@frkawai.fr Tel :\u00a006 64 86 58 81 \u00c9dition du Site : La societe SAVOIR DIGITAL a \u00e9t\u00e9 mobilis\u00e9e \u00e0 la conception de ce site.Le site de l\u2019\u00e9diteur du site est\u00a0https:\/\/savoirdigital.fr\/. L\u2019entreprise \u00e9ditrice du site vitrine a pour si\u00e8ge l\u2019adresse suivante 13 T AV DES POIRIERS 76530 GRAND-COURONNE.Celle-ci est sp\u00e9cialis\u00e9e dans la conception de site Web Vitrines et e-commerce ainsi que dans le community management et la communication digital pour les entreprise &nbsp; Moyen de contact de l\u2019\u00e9diteur: La societe \u00e9ditrice Savoir digital peut \u00eatre contact\u00e9e par t\u00e9l\u00e9phone ou mail. L\u2019adresse mail de contact de la societe se trouve \u00eatre :\u00a0quentin.huaume@savoirdigital.fr(Possibilit\u00e9 de contact par le biais du site, via le formulaire pr\u00e9vu \u00e0 cet effet.) Le num\u00e9ro de [&hellip;]<\/p>\n","protected":false},"author":2,"featured_media":0,"parent":0,"menu_order":0,"comment_status":"closed","ping_status":"closed","template":"","meta":{"_et_pb_use_builder":"on","_et_pb_old_content":"","_et_gb_content_width":"","footnotes":""},"class_list":["post-309","page","type-page","status-publish","hentry"],"yoast_head":"<!-- This site is optimized with the Yoast SEO plugin v27.3 - https:\/\/yoast.com\/product\/yoast-seo-wordpress\/ -->\n<title>Mentions L\u00e9gales - FRk@wa\u00ef<\/title>\n<meta name=\"robots\" content=\"index, follow, max-snippet:-1, max-image-preview:large, max-video-preview:-1\" \/>\n<link rel=\"canonical\" href=\"https:\/\/frkawai.fr\/index.php\/mentions-legales\/\" \/>\n<meta property=\"og:locale\" content=\"fr_FR\" \/>\n<meta property=\"og:type\" content=\"article\" \/>\n<meta property=\"og:title\" content=\"Mentions L\u00e9gales - FRk@wa\u00ef\" \/>\n<meta property=\"og:description\" content=\"Mentions L\u00e9gales FR.K@WA\u00cf, Association, dont le si\u00e8ge social est situ\u00e9 au LA SOUCHE, 76500 ELBEUF Nom de l&#039;associaion FR.K@WA\u00cf No. d\u2019enregistrement: Siret : 801 091 190 00018 Siren : 801 091 190 Num\u00e9ro de TVA : FR30801091190 Code NAF ou APE : 94.99Z\u00a0\u00a0(Autres organisations fonctionnant par adh\u00e9sion volontaire) Repr\u00e9sent\u00e9e par Mme Carole LOZ\u00c9 et Mr Michael LOZ\u00c9 agissant et ayant les pouvoirs n\u00e9cessaires en tant que g\u00e9rant. Coordonn\u00e9es : le si\u00e8ge social est situ\u00e9 au LA SOUCHE, 76500 ELBEUF\u00a0 Mail de l\u2019entreprise : contact@frkawai.fr Tel :\u00a006 64 86 58 81 \u00c9dition du Site : La societe SAVOIR DIGITAL a \u00e9t\u00e9 mobilis\u00e9e \u00e0 la conception de ce site.Le site de l\u2019\u00e9diteur du site est\u00a0https:\/\/savoirdigital.fr\/. L\u2019entreprise \u00e9ditrice du site vitrine a pour si\u00e8ge l\u2019adresse suivante 13 T AV DES POIRIERS 76530 GRAND-COURONNE.Celle-ci est sp\u00e9cialis\u00e9e dans la conception de site Web Vitrines et e-commerce ainsi que dans le community management et la communication digital pour les entreprise &nbsp; Moyen de contact de l\u2019\u00e9diteur: La societe \u00e9ditrice Savoir digital peut \u00eatre contact\u00e9e par t\u00e9l\u00e9phone ou mail. L\u2019adresse mail de contact de la societe se trouve \u00eatre :\u00a0quentin.huaume@savoirdigital.fr(Possibilit\u00e9 de contact par le biais du site, via le formulaire pr\u00e9vu \u00e0 cet effet.) Le num\u00e9ro de [&hellip;]\" \/>\n<meta property=\"og:url\" content=\"https:\/\/frkawai.fr\/index.php\/mentions-legales\/\" \/>\n<meta property=\"og:site_name\" content=\"FRk@wa\u00ef\" \/>\n<meta property=\"article:modified_time\" content=\"2024-01-25T09:21:04+00:00\" \/>\n<meta name=\"twitter:card\" content=\"summary_large_image\" \/>\n<script type=\"application\/ld+json\" class=\"yoast-schema-graph\">{\"@context\":\"https:\\\/\\\/schema.org\",\"@graph\":[{\"@type\":\"WebPage\",\"@id\":\"https:\\\/\\\/frkawai.fr\\\/index.php\\\/mentions-legales\\\/\",\"url\":\"https:\\\/\\\/frkawai.fr\\\/index.php\\\/mentions-legales\\\/\",\"name\":\"Mentions L\u00e9gales - FRk@wa\u00ef\",\"isPartOf\":{\"@id\":\"https:\\\/\\\/frkawai.fr\\\/#website\"},\"datePublished\":\"2024-01-23T14:40:31+00:00\",\"dateModified\":\"2024-01-25T09:21:04+00:00\",\"breadcrumb\":{\"@id\":\"https:\\\/\\\/frkawai.fr\\\/index.php\\\/mentions-legales\\\/#breadcrumb\"},\"inLanguage\":\"fr-FR\",\"potentialAction\":[{\"@type\":\"ReadAction\",\"target\":[\"https:\\\/\\\/frkawai.fr\\\/index.php\\\/mentions-legales\\\/\"]}]},{\"@type\":\"BreadcrumbList\",\"@id\":\"https:\\\/\\\/frkawai.fr\\\/index.php\\\/mentions-legales\\\/#breadcrumb\",\"itemListElement\":[{\"@type\":\"ListItem\",\"position\":1,\"name\":\"Accueil\",\"item\":\"https:\\\/\\\/frkawai.fr\\\/\"},{\"@type\":\"ListItem\",\"position\":2,\"name\":\"Mentions L\u00e9gales\"}]},{\"@type\":\"WebSite\",\"@id\":\"https:\\\/\\\/frkawai.fr\\\/#website\",\"url\":\"https:\\\/\\\/frkawai.fr\\\/\",\"name\":\"FRk@wa\u00ef\",\"description\":\"FRk@wa\u00ef\",\"publisher\":{\"@id\":\"https:\\\/\\\/frkawai.fr\\\/#organization\"},\"potentialAction\":[{\"@type\":\"SearchAction\",\"target\":{\"@type\":\"EntryPoint\",\"urlTemplate\":\"https:\\\/\\\/frkawai.fr\\\/?s={search_term_string}\"},\"query-input\":{\"@type\":\"PropertyValueSpecification\",\"valueRequired\":true,\"valueName\":\"search_term_string\"}}],\"inLanguage\":\"fr-FR\"},{\"@type\":\"Organization\",\"@id\":\"https:\\\/\\\/frkawai.fr\\\/#organization\",\"name\":\"FRk@wa\u00ef\",\"url\":\"https:\\\/\\\/frkawai.fr\\\/\",\"logo\":{\"@type\":\"ImageObject\",\"inLanguage\":\"fr-FR\",\"@id\":\"https:\\\/\\\/frkawai.fr\\\/#\\\/schema\\\/logo\\\/image\\\/\",\"url\":\"https:\\\/\\\/frkawai.fr\\\/wp-content\\\/uploads\\\/2024\\\/01\\\/Logo-Fr.k@wai.png\",\"contentUrl\":\"https:\\\/\\\/frkawai.fr\\\/wp-content\\\/uploads\\\/2024\\\/01\\\/Logo-Fr.k@wai.png\",\"width\":500,\"height\":500,\"caption\":\"FRk@wa\u00ef\"},\"image\":{\"@id\":\"https:\\\/\\\/frkawai.fr\\\/#\\\/schema\\\/logo\\\/image\\\/\"}}]}<\/script>\n<!-- \/ Yoast SEO plugin. -->","yoast_head_json":{"title":"Mentions L\u00e9gales - FRk@wa\u00ef","robots":{"index":"index","follow":"follow","max-snippet":"max-snippet:-1","max-image-preview":"max-image-preview:large","max-video-preview":"max-video-preview:-1"},"canonical":"https:\/\/frkawai.fr\/index.php\/mentions-legales\/","og_locale":"fr_FR","og_type":"article","og_title":"Mentions L\u00e9gales - FRk@wa\u00ef","og_description":"Mentions L\u00e9gales FR.K@WA\u00cf, Association, dont le si\u00e8ge social est situ\u00e9 au LA SOUCHE, 76500 ELBEUF Nom de l'associaion FR.K@WA\u00cf No. d\u2019enregistrement: Siret : 801 091 190 00018 Siren : 801 091 190 Num\u00e9ro de TVA : FR30801091190 Code NAF ou APE : 94.99Z\u00a0\u00a0(Autres organisations fonctionnant par adh\u00e9sion volontaire) Repr\u00e9sent\u00e9e par Mme Carole LOZ\u00c9 et Mr Michael LOZ\u00c9 agissant et ayant les pouvoirs n\u00e9cessaires en tant que g\u00e9rant. Coordonn\u00e9es : le si\u00e8ge social est situ\u00e9 au LA SOUCHE, 76500 ELBEUF\u00a0 Mail de l\u2019entreprise : contact@frkawai.fr Tel :\u00a006 64 86 58 81 \u00c9dition du Site : La societe SAVOIR DIGITAL a \u00e9t\u00e9 mobilis\u00e9e \u00e0 la conception de ce site.Le site de l\u2019\u00e9diteur du site est\u00a0https:\/\/savoirdigital.fr\/. L\u2019entreprise \u00e9ditrice du site vitrine a pour si\u00e8ge l\u2019adresse suivante 13 T AV DES POIRIERS 76530 GRAND-COURONNE.Celle-ci est sp\u00e9cialis\u00e9e dans la conception de site Web Vitrines et e-commerce ainsi que dans le community management et la communication digital pour les entreprise &nbsp; Moyen de contact de l\u2019\u00e9diteur: La societe \u00e9ditrice Savoir digital peut \u00eatre contact\u00e9e par t\u00e9l\u00e9phone ou mail. L\u2019adresse mail de contact de la societe se trouve \u00eatre :\u00a0quentin.huaume@savoirdigital.fr(Possibilit\u00e9 de contact par le biais du site, via le formulaire pr\u00e9vu \u00e0 cet effet.) Le num\u00e9ro de [&hellip;]","og_url":"https:\/\/frkawai.fr\/index.php\/mentions-legales\/","og_site_name":"FRk@wa\u00ef","article_modified_time":"2024-01-25T09:21:04+00:00","twitter_card":"summary_large_image","schema":{"@context":"https:\/\/schema.org","@graph":[{"@type":"WebPage","@id":"https:\/\/frkawai.fr\/index.php\/mentions-legales\/","url":"https:\/\/frkawai.fr\/index.php\/mentions-legales\/","name":"Mentions L\u00e9gales - FRk@wa\u00ef","isPartOf":{"@id":"https:\/\/frkawai.fr\/#website"},"datePublished":"2024-01-23T14:40:31+00:00","dateModified":"2024-01-25T09:21:04+00:00","breadcrumb":{"@id":"https:\/\/frkawai.fr\/index.php\/mentions-legales\/#breadcrumb"},"inLanguage":"fr-FR","potentialAction":[{"@type":"ReadAction","target":["https:\/\/frkawai.fr\/index.php\/mentions-legales\/"]}]},{"@type":"BreadcrumbList","@id":"https:\/\/frkawai.fr\/index.php\/mentions-legales\/#breadcrumb","itemListElement":[{"@type":"ListItem","position":1,"name":"Accueil","item":"https:\/\/frkawai.fr\/"},{"@type":"ListItem","position":2,"name":"Mentions L\u00e9gales"}]},{"@type":"WebSite","@id":"https:\/\/frkawai.fr\/#website","url":"https:\/\/frkawai.fr\/","name":"FRk@wa\u00ef","description":"FRk@wa\u00ef","publisher":{"@id":"https:\/\/frkawai.fr\/#organization"},"potentialAction":[{"@type":"SearchAction","target":{"@type":"EntryPoint","urlTemplate":"https:\/\/frkawai.fr\/?s={search_term_string}"},"query-input":{"@type":"PropertyValueSpecification","valueRequired":true,"valueName":"search_term_string"}}],"inLanguage":"fr-FR"},{"@type":"Organization","@id":"https:\/\/frkawai.fr\/#organization","name":"FRk@wa\u00ef","url":"https:\/\/frkawai.fr\/","logo":{"@type":"ImageObject","inLanguage":"fr-FR","@id":"https:\/\/frkawai.fr\/#\/schema\/logo\/image\/","url":"https:\/\/frkawai.fr\/wp-content\/uploads\/2024\/01\/Logo-Fr.k@wai.png","contentUrl":"https:\/\/frkawai.fr\/wp-content\/uploads\/2024\/01\/Logo-Fr.k@wai.png","width":500,"height":500,"caption":"FRk@wa\u00ef"},"image":{"@id":"https:\/\/frkawai.fr\/#\/schema\/logo\/image\/"}}]}},"_links":{"self":[{"href":"https:\/\/frkawai.fr\/index.php\/wp-json\/wp\/v2\/pages\/309","targetHints":{"allow":["GET"]}}],"collection":[{"href":"https:\/\/frkawai.fr\/index.php\/wp-json\/wp\/v2\/pages"}],"about":[{"href":"https:\/\/frkawai.fr\/index.php\/wp-json\/wp\/v2\/types\/page"}],"author":[{"embeddable":true,"href":"https:\/\/frkawai.fr\/index.php\/wp-json\/wp\/v2\/users\/2"}],"replies":[{"embeddable":true,"href":"https:\/\/frkawai.fr\/index.php\/wp-json\/wp\/v2\/comments?post=309"}],"version-history":[{"count":5,"href":"https:\/\/frkawai.fr\/index.php\/wp-json\/wp\/v2\/pages\/309\/revisions"}],"predecessor-version":[{"id":322,"href":"https:\/\/frkawai.fr\/index.php\/wp-json\/wp\/v2\/pages\/309\/revisions\/322"}],"wp:attachment":[{"href":"https:\/\/frkawai.fr\/index.php\/wp-json\/wp\/v2\/media?parent=309"}],"curies":[{"name":"wp","href":"https:\/\/api.w.org\/{rel}","templated":true}]}}