{"id":316,"date":"2024-01-25T10:11:19","date_gmt":"2024-01-25T09:11:19","guid":{"rendered":"https:\/\/frkawai.fr\/?page_id=316"},"modified":"2024-01-25T10:21:48","modified_gmt":"2024-01-25T09:21:48","slug":"politique-de-confidentialite","status":"publish","type":"page","link":"https:\/\/frkawai.fr\/index.php\/politique-de-confidentialite\/","title":{"rendered":"Politique de confidentialit\u00e9"},"content":{"rendered":"<p>[et_pb_section fb_built=\u00a0\u00bb1&Prime; _builder_version=\u00a0\u00bb4.24.0&Prime; _module_preset=\u00a0\u00bbdefault\u00a0\u00bb hover_enabled=\u00a0\u00bb0&Prime; global_colors_info=\u00a0\u00bb{}\u00a0\u00bb background_color=\u00a0\u00bb#000000&Prime; sticky_enabled=\u00a0\u00bb0&Prime;][et_pb_row _builder_version=\u00a0\u00bb4.24.0&Prime; _module_preset=\u00a0\u00bbdefault\u00a0\u00bb global_colors_info=\u00a0\u00bb{}\u00a0\u00bb][et_pb_column type=\u00a0\u00bb4_4&Prime; _builder_version=\u00a0\u00bb4.24.0&Prime; _module_preset=\u00a0\u00bbdefault\u00a0\u00bb global_colors_info=\u00a0\u00bb{}\u00a0\u00bb][et_pb_text _builder_version=\u00a0\u00bb4.24.0&Prime; _module_preset=\u00a0\u00bbdefault\u00a0\u00bb hover_enabled=\u00a0\u00bb0&Prime; global_colors_info=\u00a0\u00bb{}\u00a0\u00bb header_text_color=\u00a0\u00bb#FFFFFF\u00a0\u00bb sticky_enabled=\u00a0\u00bb0&Prime;]<\/p>\n<h1><strong>Politique de confidentialit\u00e9<\/strong><\/h1>\n<p><strong><\/strong><\/p>\n<div class=\"grid__item\">\n<p class=\"grid__item\">\n<\/div>\n<p>[\/et_pb_text][et_pb_text _builder_version=\u00a0\u00bb4.24.0&Prime; _module_preset=\u00a0\u00bbdefault\u00a0\u00bb hover_enabled=\u00a0\u00bb0&Prime; global_colors_info=\u00a0\u00bb{}\u00a0\u00bb text_text_color=\u00a0\u00bb#FFFFFF\u00a0\u00bb header_text_color=\u00a0\u00bb#FFFFFF\u00a0\u00bb header_2_text_color=\u00a0\u00bb#FFFFFF\u00a0\u00bb sticky_enabled=\u00a0\u00bb0&Prime;]<\/p>\n<p class=\"privacy-policy-h1\"><span>Derni\u00e8re mise \u00e0 jour le 25 janvier 2024<\/span><br \/><span>Date d&rsquo;entr\u00e9e en vigueur le 25 janvier 2024<\/span><\/p>\n<p class=\"privacy-policy-p\"><span>Cette Politique de Confidentialit\u00e9 d\u00e9crit les politiques de FR.K@WA\u00cf, LA SOUCHE, ELBEUF, Normandie 76500, France, email : contact@frkawai.fr, t\u00e9l\u00e9phone : 06 64 86 58 81 sur la collecte, l&rsquo;utilisation et la divulgation de vos informations que nous collecter lorsque vous utilisez notre site internet ( https:\/\/frkawai.fr\/ ).\u00a0(le service\u00a0\u00bb).\u00a0En acc\u00e9dant ou en utilisant le Service, vous consentez \u00e0 la collecte, \u00e0 l&rsquo;utilisation et \u00e0 la divulgation de vos informations conform\u00e9ment \u00e0 la pr\u00e9sente Politique de confidentialit\u00e9.\u00a0Si vous n\u2019y consentez pas, veuillez ne pas acc\u00e9der ni utiliser le Service.<\/span><\/p>\n<p class=\"privacy-policy-p\"><span>Nous pouvons modifier cette politique de confidentialit\u00e9 \u00e0 tout moment sans pr\u00e9avis et publierons la politique de confidentialit\u00e9 r\u00e9vis\u00e9e sur le service.\u00a0La politique r\u00e9vis\u00e9e entrera en vigueur 180 jours \u00e0 compter de la date \u00e0 laquelle la politique r\u00e9vis\u00e9e sera publi\u00e9e dans le service et votre acc\u00e8s continu ou votre utilisation du service apr\u00e8s cette p\u00e9riode constituera votre acceptation de la politique de confidentialit\u00e9 r\u00e9vis\u00e9e.\u00a0Nous vous recommandons donc de consulter p\u00e9riodiquement cette page.<\/span><\/p>\n<h2 class=\"privacy-policy-h2\"><span>INFORMATIONS QUE NOUS COLLECTONS\u00a0:<\/span><\/h2>\n<p class=\"privacy-policy-p\"><span>Nous collecterons et traiterons les informations personnelles suivantes vous concernant :<\/span><\/p>\n<ol>\n<li style=\"list-style-type: none;\">\n<ol class=\"privacy-policy-ol\">\n<li><span>Nom<\/span><\/li>\n<li><span>E-mail<\/span><\/li>\n<li><span>Mobile<\/span><\/li>\n<li><span>Profil de m\u00e9dias sociaux<\/span><\/li>\n<li><span>Date de naissance<\/span><\/li>\n<li><span>Adresse<\/span><\/li>\n<li><span>Adresse professionnelle<\/span><\/li>\n<li>Information de paiement<\/li>\n<\/ol>\n<\/li>\n<\/ol>\n<h2 class=\"privacy-policy-h2\"><span><\/span><\/h2>\n<h2 class=\"privacy-policy-h2\"><span>COMMENT NOUS PARTAGEONS VOS INFORMATIONS\u00a0:<\/span><\/h2>\n<p class=\"privacy-policy-p\"><span>Nous ne transf\u00e9rerons pas vos informations personnelles \u00e0 un tiers sans demander votre consentement, sauf dans les circonstances limit\u00e9es d\u00e9crites ci-dessous\u00a0:<\/span><\/p>\n<ol class=\"privacy-policy-ol\">\n<li><span>Analytique<\/span><\/li>\n<\/ol>\n<p class=\"privacy-policy-p\"><span>Nous exigeons que ces tiers utilisent les informations personnelles que nous leur transf\u00e9rons uniquement aux fins pour lesquelles elles ont \u00e9t\u00e9 transf\u00e9r\u00e9es et ne les conservent pas plus longtemps que n\u00e9cessaire pour atteindre ladite finalit\u00e9.<\/span><\/p>\n<p class=\"privacy-policy-p\"><span>Nous pouvons \u00e9galement divulguer vos informations personnelles dans les cas suivants\u00a0: (1) pour nous conformer \u00e0 la loi, \u00e0 la r\u00e9glementation, \u00e0 une ordonnance du tribunal ou \u00e0 toute autre proc\u00e9dure judiciaire applicable\u00a0;\u00a0(2) pour faire respecter vos accords avec nous, y compris cette politique de confidentialit\u00e9\u00a0;\u00a0ou (3) pour r\u00e9pondre aux r\u00e9clamations selon lesquelles votre utilisation du Service viole les droits de tiers.\u00a0Si le Service ou notre soci\u00e9t\u00e9 est fusionn\u00e9 ou acquis avec une autre soci\u00e9t\u00e9, vos informations feront partie des actifs transf\u00e9r\u00e9s au nouveau propri\u00e9taire.<\/span><\/p>\n<h2 class=\"privacy-policy-h2\"><span>CONSERVATION DE VOS INFORMATIONS\u00a0:<\/span><\/h2>\n<p class=\"privacy-policy-p\"><span>Nous conserverons vos informations personnelles chez nous pendant 90 jours \u00e0 2 ans apr\u00e8s la r\u00e9siliation de leur compte par les utilisateurs ou aussi longtemps que nous en aurons besoin pour atteindre les objectifs pour lesquels elles ont \u00e9t\u00e9 collect\u00e9es, comme d\u00e9taill\u00e9 dans la pr\u00e9sente politique de confidentialit\u00e9.\u00a0Nous pouvons avoir besoin de conserver certaines informations pendant des p\u00e9riodes plus longues, telles que la tenue de dossiers\/le reporting conform\u00e9ment \u00e0 la loi applicable ou pour d&rsquo;autres raisons l\u00e9gitimes telles que l&rsquo;application des droits l\u00e9gaux, la pr\u00e9vention de la fraude, etc. Informations anonymes r\u00e9siduelles et informations globales, dont aucune ne vous identifie (directement ou indirectement), peuvent \u00eatre conserv\u00e9s ind\u00e9finiment.<\/span><\/p>\n<h2 class=\"privacy-policy-h2\"><span>VOS DROITS:<\/span><\/h2>\n<p class=\"privacy-policy-p\"><span>Selon la loi applicable, vous pouvez avoir un droit d&rsquo;acc\u00e8s et de rectification ou d&rsquo;effacement de vos donn\u00e9es personnelles ou recevoir une copie de vos donn\u00e9es personnelles, restreindre ou vous opposer au traitement actif de vos donn\u00e9es, nous demander de partager (porter) vos donn\u00e9es personnelles. informations \u00e0 une autre entit\u00e9, retirer tout consentement que vous nous avez fourni pour traiter vos donn\u00e9es, le droit de d\u00e9poser une plainte aupr\u00e8s d&rsquo;une autorit\u00e9 statutaire et tout autre droit qui peut \u00eatre pertinent en vertu des lois applicables.\u00a0Pour exercer ces droits, vous pouvez nous \u00e9crire \u00e0 contact@frkawai.fr.\u00a0Nous r\u00e9pondrons \u00e0 votre demande conform\u00e9ment \u00e0 la loi applicable.<\/span><\/p>\n<p class=\"privacy-policy-p\"><span>Veuillez noter que si vous ne nous autorisez pas \u00e0 collecter ou \u00e0 traiter les informations personnelles requises ou si vous retirez le consentement \u00e0 leur traitement aux fins requises, vous ne pourrez peut-\u00eatre pas acc\u00e9der ou utiliser les services pour lesquels vos informations ont \u00e9t\u00e9 recherch\u00e9es.<\/span><\/p>\n<h2 class=\"privacy-policy-h2\"><span>Cookies, ETC.<\/span><\/h2>\n<p class=\"privacy-policy-p\"><span>Pour en savoir plus sur la mani\u00e8re dont nous les utilisons et sur vos choix concernant ces technologies de suivi, veuillez vous r\u00e9f\u00e9rer \u00e0 notre\u00a0<\/span><a href=\"https:\/\/frkawai.fr\/\"><span>Politique en mati\u00e8re de cookies.<\/span><\/a><\/p>\n<h2 class=\"privacy-policy-h2\"><span>S\u00c9CURIT\u00c9:<\/span><\/h2>\n<p class=\"privacy-policy-p\"><span>La s\u00e9curit\u00e9 de vos informations est importante pour nous et nous utiliserons des mesures de s\u00e9curit\u00e9 raisonnables pour emp\u00eacher la perte, l&rsquo;utilisation abusive ou la modification non autoris\u00e9e de vos informations sous notre contr\u00f4le.\u00a0Cependant, compte tenu des risques inh\u00e9rents, nous ne pouvons garantir une s\u00e9curit\u00e9 absolue et, par cons\u00e9quent, nous ne pouvons assurer ou garantir la s\u00e9curit\u00e9 des informations que vous nous transmettez et vous le faites \u00e0 vos propres risques.<\/span><\/p>\n<h2 class=\"privacy-policy-h2\"><span>LIENS VERS DES TIERS ET UTILISATION DE VOS INFORMATIONS\u00a0:<\/span><\/h2>\n<p class=\"privacy-policy-p\"><span>Notre Service peut contenir des liens vers d&rsquo;autres sites Web qui ne sont pas exploit\u00e9s par nous.\u00a0Cette politique de confidentialit\u00e9 ne traite pas de la politique de confidentialit\u00e9 et d&rsquo;autres pratiques de tiers, y compris de tout tiers exploitant un site Web ou un service pouvant \u00eatre accessible via un lien sur le service.\u00a0Nous vous conseillons fortement de consulter la politique de confidentialit\u00e9 de chaque site que vous visitez.\u00a0Nous n&rsquo;avons aucun contr\u00f4le et n&rsquo;assumons aucune responsabilit\u00e9 quant au contenu, aux politiques de confidentialit\u00e9 ou aux pratiques de tout site ou service tiers.<\/span><\/p>\n<h2 class=\"privacy-policy-h2\"><span>GRIEF \/ D\u00c9L\u00c9GU\u00c9 \u00c0 LA PROTECTION DES DONN\u00c9ES\u00a0:<\/span><\/h2>\n<p class=\"privacy-policy-p\"><span>Si vous avez des questions ou des pr\u00e9occupations concernant le traitement de vos informations dont nous disposons, vous pouvez envoyer un e-mail \u00e0 notre responsable des r\u00e9clamations \u00e0 FR.K@WA\u00cf, LA SOUCHE, ELBEUF, email : contact@frkawai.fr.\u00a0Nous r\u00e9pondrons \u00e0 vos pr\u00e9occupations conform\u00e9ment \u00e0 la loi applicable.<\/span><\/p>\n<p class=\"privacy-policy-p\"><span>Politique de confidentialit\u00e9 g\u00e9n\u00e9r\u00e9e avec\u00a0<\/span><a target=\"_blank\" href=\"https:\/\/www.cookieyes.com\/?utm_source=PP&amp;utm_medium=footer&amp;utm_campaign=UW\" rel=\"noopener\"><span>CookieYes<\/span><\/a><span>\u00a0.<\/span><\/p>\n<p>[\/et_pb_text][\/et_pb_column][\/et_pb_row][\/et_pb_section]<\/p>\n","protected":false},"excerpt":{"rendered":"<p>Politique de confidentialit\u00e9 Derni\u00e8re mise \u00e0 jour le 25 janvier 2024Date d&rsquo;entr\u00e9e en vigueur le 25 janvier 2024 Cette Politique de Confidentialit\u00e9 d\u00e9crit les politiques de FR.K@WA\u00cf, LA SOUCHE, ELBEUF, Normandie 76500, France, email : contact@frkawai.fr, t\u00e9l\u00e9phone : 06 64 86 58 81 sur la collecte, l&rsquo;utilisation et la divulgation de vos informations que nous collecter lorsque vous utilisez notre site internet ( https:\/\/frkawai.fr\/ ).\u00a0(le service\u00a0\u00bb).\u00a0En acc\u00e9dant ou en utilisant le Service, vous consentez \u00e0 la collecte, \u00e0 l&rsquo;utilisation et \u00e0 la divulgation de vos informations conform\u00e9ment \u00e0 la pr\u00e9sente Politique de confidentialit\u00e9.\u00a0Si vous n\u2019y consentez pas, veuillez ne pas acc\u00e9der ni utiliser le Service. Nous pouvons modifier cette politique de confidentialit\u00e9 \u00e0 tout moment sans pr\u00e9avis et publierons la politique de confidentialit\u00e9 r\u00e9vis\u00e9e sur le service.\u00a0La politique r\u00e9vis\u00e9e entrera en vigueur 180 jours \u00e0 compter de la date \u00e0 laquelle la politique r\u00e9vis\u00e9e sera publi\u00e9e dans le service et votre acc\u00e8s continu ou votre utilisation du service apr\u00e8s cette p\u00e9riode constituera votre acceptation de la politique de confidentialit\u00e9 r\u00e9vis\u00e9e.\u00a0Nous vous recommandons donc de consulter p\u00e9riodiquement cette page. INFORMATIONS QUE NOUS COLLECTONS\u00a0: Nous collecterons et traiterons les informations personnelles suivantes vous concernant : Nom E-mail Mobile Profil de m\u00e9dias sociaux [&hellip;]<\/p>\n","protected":false},"author":2,"featured_media":0,"parent":0,"menu_order":0,"comment_status":"closed","ping_status":"closed","template":"","meta":{"_et_pb_use_builder":"on","_et_pb_old_content":"","_et_gb_content_width":"","footnotes":""},"class_list":["post-316","page","type-page","status-publish","hentry"],"yoast_head":"<!-- This site is optimized with the Yoast SEO plugin v27.3 - https:\/\/yoast.com\/product\/yoast-seo-wordpress\/ -->\n<title>Politique de confidentialit\u00e9 - FRk@wa\u00ef<\/title>\n<meta name=\"robots\" content=\"index, follow, max-snippet:-1, max-image-preview:large, max-video-preview:-1\" \/>\n<link rel=\"canonical\" href=\"https:\/\/frkawai.fr\/index.php\/politique-de-confidentialite\/\" \/>\n<meta property=\"og:locale\" content=\"fr_FR\" \/>\n<meta property=\"og:type\" content=\"article\" \/>\n<meta property=\"og:title\" content=\"Politique de confidentialit\u00e9 - FRk@wa\u00ef\" \/>\n<meta property=\"og:description\" content=\"Politique de confidentialit\u00e9 Derni\u00e8re mise \u00e0 jour le 25 janvier 2024Date d&#039;entr\u00e9e en vigueur le 25 janvier 2024 Cette Politique de Confidentialit\u00e9 d\u00e9crit les politiques de FR.K@WA\u00cf, LA SOUCHE, ELBEUF, Normandie 76500, France, email : contact@frkawai.fr, t\u00e9l\u00e9phone : 06 64 86 58 81 sur la collecte, l&#039;utilisation et la divulgation de vos informations que nous collecter lorsque vous utilisez notre site internet ( https:\/\/frkawai.fr\/ ).\u00a0(le service&quot;).\u00a0En acc\u00e9dant ou en utilisant le Service, vous consentez \u00e0 la collecte, \u00e0 l&#039;utilisation et \u00e0 la divulgation de vos informations conform\u00e9ment \u00e0 la pr\u00e9sente Politique de confidentialit\u00e9.\u00a0Si vous n\u2019y consentez pas, veuillez ne pas acc\u00e9der ni utiliser le Service. Nous pouvons modifier cette politique de confidentialit\u00e9 \u00e0 tout moment sans pr\u00e9avis et publierons la politique de confidentialit\u00e9 r\u00e9vis\u00e9e sur le service.\u00a0La politique r\u00e9vis\u00e9e entrera en vigueur 180 jours \u00e0 compter de la date \u00e0 laquelle la politique r\u00e9vis\u00e9e sera publi\u00e9e dans le service et votre acc\u00e8s continu ou votre utilisation du service apr\u00e8s cette p\u00e9riode constituera votre acceptation de la politique de confidentialit\u00e9 r\u00e9vis\u00e9e.\u00a0Nous vous recommandons donc de consulter p\u00e9riodiquement cette page. INFORMATIONS QUE NOUS COLLECTONS\u00a0: Nous collecterons et traiterons les informations personnelles suivantes vous concernant : Nom E-mail Mobile Profil de m\u00e9dias sociaux [&hellip;]\" \/>\n<meta property=\"og:url\" content=\"https:\/\/frkawai.fr\/index.php\/politique-de-confidentialite\/\" \/>\n<meta property=\"og:site_name\" content=\"FRk@wa\u00ef\" \/>\n<meta property=\"article:modified_time\" content=\"2024-01-25T09:21:48+00:00\" \/>\n<meta name=\"twitter:card\" content=\"summary_large_image\" \/>\n<script type=\"application\/ld+json\" class=\"yoast-schema-graph\">{\"@context\":\"https:\\\/\\\/schema.org\",\"@graph\":[{\"@type\":\"WebPage\",\"@id\":\"https:\\\/\\\/frkawai.fr\\\/index.php\\\/politique-de-confidentialite\\\/\",\"url\":\"https:\\\/\\\/frkawai.fr\\\/index.php\\\/politique-de-confidentialite\\\/\",\"name\":\"Politique de confidentialit\u00e9 - FRk@wa\u00ef\",\"isPartOf\":{\"@id\":\"https:\\\/\\\/frkawai.fr\\\/#website\"},\"datePublished\":\"2024-01-25T09:11:19+00:00\",\"dateModified\":\"2024-01-25T09:21:48+00:00\",\"breadcrumb\":{\"@id\":\"https:\\\/\\\/frkawai.fr\\\/index.php\\\/politique-de-confidentialite\\\/#breadcrumb\"},\"inLanguage\":\"fr-FR\",\"potentialAction\":[{\"@type\":\"ReadAction\",\"target\":[\"https:\\\/\\\/frkawai.fr\\\/index.php\\\/politique-de-confidentialite\\\/\"]}]},{\"@type\":\"BreadcrumbList\",\"@id\":\"https:\\\/\\\/frkawai.fr\\\/index.php\\\/politique-de-confidentialite\\\/#breadcrumb\",\"itemListElement\":[{\"@type\":\"ListItem\",\"position\":1,\"name\":\"Accueil\",\"item\":\"https:\\\/\\\/frkawai.fr\\\/\"},{\"@type\":\"ListItem\",\"position\":2,\"name\":\"Politique de confidentialit\u00e9\"}]},{\"@type\":\"WebSite\",\"@id\":\"https:\\\/\\\/frkawai.fr\\\/#website\",\"url\":\"https:\\\/\\\/frkawai.fr\\\/\",\"name\":\"FRk@wa\u00ef\",\"description\":\"FRk@wa\u00ef\",\"publisher\":{\"@id\":\"https:\\\/\\\/frkawai.fr\\\/#organization\"},\"potentialAction\":[{\"@type\":\"SearchAction\",\"target\":{\"@type\":\"EntryPoint\",\"urlTemplate\":\"https:\\\/\\\/frkawai.fr\\\/?s={search_term_string}\"},\"query-input\":{\"@type\":\"PropertyValueSpecification\",\"valueRequired\":true,\"valueName\":\"search_term_string\"}}],\"inLanguage\":\"fr-FR\"},{\"@type\":\"Organization\",\"@id\":\"https:\\\/\\\/frkawai.fr\\\/#organization\",\"name\":\"FRk@wa\u00ef\",\"url\":\"https:\\\/\\\/frkawai.fr\\\/\",\"logo\":{\"@type\":\"ImageObject\",\"inLanguage\":\"fr-FR\",\"@id\":\"https:\\\/\\\/frkawai.fr\\\/#\\\/schema\\\/logo\\\/image\\\/\",\"url\":\"https:\\\/\\\/frkawai.fr\\\/wp-content\\\/uploads\\\/2024\\\/01\\\/Logo-Fr.k@wai.png\",\"contentUrl\":\"https:\\\/\\\/frkawai.fr\\\/wp-content\\\/uploads\\\/2024\\\/01\\\/Logo-Fr.k@wai.png\",\"width\":500,\"height\":500,\"caption\":\"FRk@wa\u00ef\"},\"image\":{\"@id\":\"https:\\\/\\\/frkawai.fr\\\/#\\\/schema\\\/logo\\\/image\\\/\"}}]}<\/script>\n<!-- \/ Yoast SEO plugin. -->","yoast_head_json":{"title":"Politique de confidentialit\u00e9 - FRk@wa\u00ef","robots":{"index":"index","follow":"follow","max-snippet":"max-snippet:-1","max-image-preview":"max-image-preview:large","max-video-preview":"max-video-preview:-1"},"canonical":"https:\/\/frkawai.fr\/index.php\/politique-de-confidentialite\/","og_locale":"fr_FR","og_type":"article","og_title":"Politique de confidentialit\u00e9 - FRk@wa\u00ef","og_description":"Politique de confidentialit\u00e9 Derni\u00e8re mise \u00e0 jour le 25 janvier 2024Date d'entr\u00e9e en vigueur le 25 janvier 2024 Cette Politique de Confidentialit\u00e9 d\u00e9crit les politiques de FR.K@WA\u00cf, LA SOUCHE, ELBEUF, Normandie 76500, France, email : contact@frkawai.fr, t\u00e9l\u00e9phone : 06 64 86 58 81 sur la collecte, l'utilisation et la divulgation de vos informations que nous collecter lorsque vous utilisez notre site internet ( https:\/\/frkawai.fr\/ ).\u00a0(le service\").\u00a0En acc\u00e9dant ou en utilisant le Service, vous consentez \u00e0 la collecte, \u00e0 l'utilisation et \u00e0 la divulgation de vos informations conform\u00e9ment \u00e0 la pr\u00e9sente Politique de confidentialit\u00e9.\u00a0Si vous n\u2019y consentez pas, veuillez ne pas acc\u00e9der ni utiliser le Service. Nous pouvons modifier cette politique de confidentialit\u00e9 \u00e0 tout moment sans pr\u00e9avis et publierons la politique de confidentialit\u00e9 r\u00e9vis\u00e9e sur le service.\u00a0La politique r\u00e9vis\u00e9e entrera en vigueur 180 jours \u00e0 compter de la date \u00e0 laquelle la politique r\u00e9vis\u00e9e sera publi\u00e9e dans le service et votre acc\u00e8s continu ou votre utilisation du service apr\u00e8s cette p\u00e9riode constituera votre acceptation de la politique de confidentialit\u00e9 r\u00e9vis\u00e9e.\u00a0Nous vous recommandons donc de consulter p\u00e9riodiquement cette page. INFORMATIONS QUE NOUS COLLECTONS\u00a0: Nous collecterons et traiterons les informations personnelles suivantes vous concernant : Nom E-mail Mobile Profil de m\u00e9dias sociaux [&hellip;]","og_url":"https:\/\/frkawai.fr\/index.php\/politique-de-confidentialite\/","og_site_name":"FRk@wa\u00ef","article_modified_time":"2024-01-25T09:21:48+00:00","twitter_card":"summary_large_image","schema":{"@context":"https:\/\/schema.org","@graph":[{"@type":"WebPage","@id":"https:\/\/frkawai.fr\/index.php\/politique-de-confidentialite\/","url":"https:\/\/frkawai.fr\/index.php\/politique-de-confidentialite\/","name":"Politique de confidentialit\u00e9 - FRk@wa\u00ef","isPartOf":{"@id":"https:\/\/frkawai.fr\/#website"},"datePublished":"2024-01-25T09:11:19+00:00","dateModified":"2024-01-25T09:21:48+00:00","breadcrumb":{"@id":"https:\/\/frkawai.fr\/index.php\/politique-de-confidentialite\/#breadcrumb"},"inLanguage":"fr-FR","potentialAction":[{"@type":"ReadAction","target":["https:\/\/frkawai.fr\/index.php\/politique-de-confidentialite\/"]}]},{"@type":"BreadcrumbList","@id":"https:\/\/frkawai.fr\/index.php\/politique-de-confidentialite\/#breadcrumb","itemListElement":[{"@type":"ListItem","position":1,"name":"Accueil","item":"https:\/\/frkawai.fr\/"},{"@type":"ListItem","position":2,"name":"Politique de confidentialit\u00e9"}]},{"@type":"WebSite","@id":"https:\/\/frkawai.fr\/#website","url":"https:\/\/frkawai.fr\/","name":"FRk@wa\u00ef","description":"FRk@wa\u00ef","publisher":{"@id":"https:\/\/frkawai.fr\/#organization"},"potentialAction":[{"@type":"SearchAction","target":{"@type":"EntryPoint","urlTemplate":"https:\/\/frkawai.fr\/?s={search_term_string}"},"query-input":{"@type":"PropertyValueSpecification","valueRequired":true,"valueName":"search_term_string"}}],"inLanguage":"fr-FR"},{"@type":"Organization","@id":"https:\/\/frkawai.fr\/#organization","name":"FRk@wa\u00ef","url":"https:\/\/frkawai.fr\/","logo":{"@type":"ImageObject","inLanguage":"fr-FR","@id":"https:\/\/frkawai.fr\/#\/schema\/logo\/image\/","url":"https:\/\/frkawai.fr\/wp-content\/uploads\/2024\/01\/Logo-Fr.k@wai.png","contentUrl":"https:\/\/frkawai.fr\/wp-content\/uploads\/2024\/01\/Logo-Fr.k@wai.png","width":500,"height":500,"caption":"FRk@wa\u00ef"},"image":{"@id":"https:\/\/frkawai.fr\/#\/schema\/logo\/image\/"}}]}},"_links":{"self":[{"href":"https:\/\/frkawai.fr\/index.php\/wp-json\/wp\/v2\/pages\/316","targetHints":{"allow":["GET"]}}],"collection":[{"href":"https:\/\/frkawai.fr\/index.php\/wp-json\/wp\/v2\/pages"}],"about":[{"href":"https:\/\/frkawai.fr\/index.php\/wp-json\/wp\/v2\/types\/page"}],"author":[{"embeddable":true,"href":"https:\/\/frkawai.fr\/index.php\/wp-json\/wp\/v2\/users\/2"}],"replies":[{"embeddable":true,"href":"https:\/\/frkawai.fr\/index.php\/wp-json\/wp\/v2\/comments?post=316"}],"version-history":[{"count":5,"href":"https:\/\/frkawai.fr\/index.php\/wp-json\/wp\/v2\/pages\/316\/revisions"}],"predecessor-version":[{"id":323,"href":"https:\/\/frkawai.fr\/index.php\/wp-json\/wp\/v2\/pages\/316\/revisions\/323"}],"wp:attachment":[{"href":"https:\/\/frkawai.fr\/index.php\/wp-json\/wp\/v2\/media?parent=316"}],"curies":[{"name":"wp","href":"https:\/\/api.w.org\/{rel}","templated":true}]}}